{"id":625,"date":"2022-11-07T14:53:37","date_gmt":"2022-11-07T14:53:37","guid":{"rendered":"https:\/\/nordicalrent.ee\/?page_id=625"},"modified":"2026-02-04T18:56:46","modified_gmt":"2026-02-04T18:56:46","slug":"tingimused","status":"publish","type":"page","link":"https:\/\/nordicalrent.ee\/en\/tingimused\/","title":{"rendered":"Privaatsuspoliitika"},"content":{"rendered":"<div data-elementor-type=\"wp-page\" data-elementor-id=\"625\" class=\"elementor elementor-625\">\n\t\t\t\t\t\t<section class=\"elementor-section elementor-top-section elementor-element elementor-element-be17ba7 elementor-section-boxed elementor-section-height-default elementor-section-height-default\" data-id=\"be17ba7\" data-element_type=\"section\" data-settings=\"{&quot;background_background&quot;:&quot;classic&quot;}\">\n\t\t\t\t\t\t\t<div class=\"elementor-background-overlay\"><\/div>\n\t\t\t\t\t\t\t<div class=\"elementor-container elementor-column-gap-default\">\n\t\t\t\t\t<div class=\"elementor-column elementor-col-100 elementor-top-column elementor-element elementor-element-4ee5b36\" data-id=\"4ee5b36\" data-element_type=\"column\">\n\t\t\t<div class=\"elementor-widget-wrap elementor-element-populated\">\n\t\t\t\t\t\t<div class=\"elementor-element elementor-element-b707b08 elementor-widget elementor-widget-heading\" data-id=\"b707b08\" data-element_type=\"widget\" data-widget_type=\"heading.default\">\n\t\t\t\t<div class=\"elementor-widget-container\">\n\t\t\t\t\t<h2 class=\"elementor-heading-title elementor-size-default\">Terms &amp; conditions, privacy policy<\/h2>\t\t\t\t<\/div>\n\t\t\t\t<\/div>\n\t\t\t\t\t<\/div>\n\t\t<\/div>\n\t\t\t\t\t<\/div>\n\t\t<\/section>\n\t\t\t\t<section class=\"elementor-section elementor-top-section elementor-element elementor-element-dbda495 elementor-section-boxed elementor-section-height-default elementor-section-height-default\" data-id=\"dbda495\" data-element_type=\"section\">\n\t\t\t\t\t\t<div class=\"elementor-container elementor-column-gap-default\">\n\t\t\t\t\t<div class=\"elementor-column elementor-col-100 elementor-top-column elementor-element elementor-element-56e412d\" data-id=\"56e412d\" data-element_type=\"column\">\n\t\t\t<div class=\"elementor-widget-wrap elementor-element-populated\">\n\t\t\t\t\t\t<div class=\"elementor-element elementor-element-05c7859 elementor-widget elementor-widget-text-editor\" data-id=\"05c7859\" data-element_type=\"widget\" data-widget_type=\"text-editor.default\">\n\t\t\t\t<div class=\"elementor-widget-container\">\n\t\t\t\t\t\t\t\t\t<h3><strong>M\u00fc\u00fcgitingimused<\/strong><\/h3><p><strong>Online broneeringukeskkonna m\u00fc\u00fcgitingimused<\/strong><\/p><p><br \/><strong>1. \u00dcldtingimused<\/strong><br \/>1.1. M\u00fc\u00fcgitingimused kehtivad kliendi ja online broneeringukeskkonna omaniku Nordical O\u00dc vahel online broneeringukeskkonna vahendusel teenuste ostmisel tekkivate \u00f5igussuhete kohta.<br \/>1.2. Lisaks k\u00e4esolevatele tingimustele reguleerivad online broneeringukeskkonna vahendusel teenuste ostmisel tekkivaid \u00f5igussuhteid Eesti Vabariigis kehtivad \u00f5igusaktid.<br \/>1.3. Online broneeringukeskkonnas tohib tehinguid teha v\u00e4hemalt 18 aastane teov\u00f5imeline isik. N\u00f5uetele mittevastava isiku poolt sooritatud tellimuste tagaj\u00e4rgede eest vastutab isik, kelle pangakontot v\u00f5i krediitkaarti kasutades on tasu maksmine sooritatud.<\/p><p><strong>2. Hinnainfo ja maksetingimused<\/strong><br \/>2.1. K\u00f5ik hinnad on eurodes ja sisaldavad Eesti Vabariigis kehtestatud k\u00e4ibemaksu. Online broneeringukeskkonnas n\u00e4idatud hinnad teistes valuutades on informatiivsed.<br \/>2.2. J\u00e4lgige t\u00e4helepanelikult valitud hinnainfot. Ettemaks on kohustuslik k\u00f5ikidele tellitud toodetele ja teenustele.<br \/>2.3. Klient tasub tellimuse eest ettemaksuna kogu m\u00fc\u00fcgihinna. Tasu maksmisega kinnitab klient, et on tutvunud k\u00f5ikide teenusepakkuja poolt online broneeringukeskkonnas k\u00e4ttesaadavaks tehtud tingimuste ja reeglitega ning aktsepteerib neid. Tasumine toimub v\u00e4ljaspool online broneeringukeskkonda turvalises maksekeskkonnas. Nordical O\u00dc-l puudub ligip\u00e4\u00e4s kliendi panga ja krediitkaardi andmetele.<\/p><p><strong>3. Tellimus, tellimuse t\u00fchistamine ja raha tagastamine<\/strong><br \/>3.1. Tellimuse tegemisel palun sisestage online broneeringukeskkonnas n\u00f5utud andmed. Teie tellimus on kinnitatud, kui olete saanud tellimuse kinnituse.<br \/>3.2. Tellimuse esitamiseks on vajalik pangakaardi olemasolu.<br \/>3.3. Tellimust saab t\u00fchistada kuni 3 p\u00e4eva (72 tundi) enne teenuse alguse kuup\u00e4eva. Tellimuse t\u00fchistamiseks palume saata teade e-postile: info@nordicalrent.ee<br \/>3.4. Tellimuse muutmiseks tehke uus tellimus ja t\u00fchistage eelmine. Uue tellimuse tegemisel v\u00f5ib olla muutunud hind ja saadavus.<br \/>3.5. Hilisemal annulleerimisel v\u00f5i puhkemajja mittesaabumisel, on Nordical O\u00dc-l \u00f5igus ettemakstud summat mitte tagastada.<br \/>3.6. Juhul, kui klient on tellimusest taganenud \u00f5igeaegselt, tagastab Nordical O\u00dc kliendile ostusumma v\u00f5imalikult kiiresti, kuid mitte hiljem kui 14 kalendrip\u00e4eva jooksul t\u00fchistamise soovi j\u00f5udmisest meiliaadressile info@nordicalrent.ee. <br \/>3.7 Kui klient tasus \u00fclekandega, tehakse tagasimakse samale arvelduskontole, millelt ostu eest tasuti. Tagasimakse tehakse kogu ostusumma ulatuses.<br \/>3.8 Kui klient tasus krediitkaardiga, teeb tagasimakse maksevahendaja Stripe, Inc. Tagasimakse summalt on maha arvestatud vahendustasu, milleks on 1,4% + 0,25 \u20ac (2,9% + 0,25 \u20ac v\u00e4ljaspool Euroopa Liitu). <\/p><p><strong>4. Kliendi isikuandmete t\u00f6\u00f6tlemine<\/strong><br \/>4.1. Nordical O\u00dc t\u00f6\u00f6tleb kliendi poolt online broneeringukeskkonnas sisestatud isikuandmeid (sh nimi, telefoninumber, e-posti aadress, telefon) eelk\u00f5ige tellimuse t\u00e4itmiseks ning vastavalt Nordical O\u00dc privaatsuspoliitikale.<\/p><p><strong>5. Muu<\/strong><br \/>5.1. Kliendi ja Nordical O\u00dc vahel tekkivad vaidlused lahendatakse l\u00e4bir\u00e4\u00e4kimiste teel. Kokkuleppe mittesaavutamisel on kliendil \u00f5igus p\u00f6\u00f6rduda oma \u00f5iguste kaitseks Tarbijakaitseametisse. Vaidluste ning k\u00e4esolevates tingimustes mitte v\u00e4lja toodud k\u00fcsimuste lahendamisel l\u00e4htutakse Eesti Vabariigis kehtivatest \u00f5igusaktidest.<\/p><h3><strong>Privaatsuspoliitika<\/strong><\/h3><p><strong>Milliseid isikuandmeid t\u00f6\u00f6deldakse<\/strong><\/p><p>\u2013 nimi, telefoninumber ja e-posti aadress;<br \/>\u2013 pangakonto number;<br \/>\u2013 teenuste maksumus ja maksetega seotud andmed (ostuajalugu);<\/p><p><strong>Mis eesm\u00e4rgil isikuandmeid t\u00f6\u00f6deldakse?<\/strong><br \/>Isikuandmeid kasutatakse kliendi tellimuste haldamiseks.<br \/>Ostuajaloo andmeid (ostu kuup\u00e4ev, teenus, kogus, kliendi andmed) kasutatakse ostetud teenuste \u00fclevaate koostamiseks ning kliendieelistuste anal\u00fc\u00fcsimiseks<br \/>Pangakonto numbrit kasutatakse kliendile maksete tagastamiseks.<br \/>Isikuandmeid nagu e-post, telefoni nr, kliendi nimi, t\u00f6\u00f6deldakse selleks, et lahendada teenuste osutamisega seonduvaid k\u00fcsimusi (klienditugi).<br \/>Online broneeringukeskkonna kasutaja IP-aadressi v\u00f5i teisi v\u00f5rguidentifikaatoreid t\u00f6\u00f6deldakse broneerimiss\u00fcsteemi kui info\u00fchiskonna teenuse osutamiseks ning veebikasutusstatistika tegemiseks.<\/p><p><strong>\u00d5iguslik alus<\/strong><br \/>Isikuandmete t\u00f6\u00f6tlemine toimub kliendiga s\u00f5lmitud lepingu t\u00e4itmise eesm\u00e4rgil.<br \/>Isikuandmete t\u00f6\u00f6tlemine toimub juriidilise kohustuse t\u00e4itmiseks (nt raamatupidamine ja tarbijavaidluste lahendamine).<\/p><p>Vastuv\u00f5tjad, kellele isikuandmed edastatakse:<br \/>Isikuandmed edastatakse veebipoe klienditoele ostude ja ostuajaloo haldamiseks ja kliendiprobleemide lahendamiseks.<\/p><p><strong>Turvalisus ja andmetele ligip\u00e4\u00e4s<\/strong><br \/>Juurdep\u00e4\u00e4s isikuandmetele on Nordical O\u00dc t\u00f6\u00f6tajatel, kes saavad isikuandmetega tutvuda selleks, et lahendada broneeringukeskkonna kasutamisega seonduvaid tehnilisi k\u00fcsimusi ning osutada klienditoe teenust.<br \/>Nordical O\u00dc rakendab asjakohaseid f\u00fc\u00fcsilisi, organisatsioonilisi ja infotehnilisi turvameetmeid, et kaitsta isikuandmeid juhusliku v\u00f5i ebaseadusliku h\u00e4vitamise, kaotsimineku, muutmise v\u00f5i loata juurdep\u00e4\u00e4su ja avalikustamise eest.<\/p><p><strong>Isikuandmetega tutvumine ja parandamine<\/strong><br \/>Kui ost on sooritatud ilma kasutajakontota, siis saab tutvuda isikuandmetega klinditoe vahendusel.<\/p><p><strong>N\u00f5usoleku tagasiv\u00f5tmine<\/strong><br \/>Kui isikundmete t\u00f6\u00f6tlemine toimub kliendi n\u00f5usoleku alusel, siis on kliendil<br \/>\u00f5igus n\u00f5usolek tagasi v\u00f5tta teavitades sellest kliendituge e-posti teel <a href=\"mailto:info@nordicalrent.ee\">info@nordicalrent.ee<\/a>.<\/p><p><strong>S\u00e4ilitamine<\/strong><br \/>Kui boneeringukeskkonnas on ost sooritatud ilma kliendikontota, siis s\u00e4ilitatakse ostuajalugu kolm aastat.<br \/>Maksetega ja tarbijavaidlustega seotud vaidluste korral s\u00e4ilitatakse isikuandmed kuni n\u00f5ude t\u00e4itmiseni v\u00f5i aegumist\u00e4htaja l\u00f5puni.<br \/>Raamatupidamise jaoks vajalikud isikuandmed s\u00e4ilitatakse seitse aastat.<\/p><p><strong>Kustutamine<\/strong><br \/>Isikuandmete kustutamiseks tuleb v\u00f5tta \u00fchendust e-posti teel <a href=\"mailto:info@nordicalrent.ee\">info@nordicalrent.ee<\/a>.<br \/>Kustutamistaotlusele vastatakse mitte hiljem kui kuu aja jooksul ning t\u00e4psustakse andmete kustutamise perioodi.<\/p><p><strong>\u00dclekandmine<\/strong><br \/>E-posti teel esitatud isikuandmete \u00fclekandmise taotlusele vastatakse hiljemalt kuu aja jooksul. Klienditugi tuvastab isikusamasuse ja teavitab isikuandmetest, mis kuuluvad \u00fclekandmisele.<\/p><p><strong>Vaidluste lahendamine<\/strong><br \/>Isikuandmete t\u00f6\u00f6tlemisega seotud vaidluste lahendamine toimub klienditoe vahendusel. J\u00e4relevalveasutus on Eesti Andmekaitse Inspektsioon (<a href=\"mailto:info@aki.ee\">info@aki.ee<\/a>)<\/p>\t\t\t\t\t\t\t\t<\/div>\n\t\t\t\t<\/div>\n\t\t\t\t\t<\/div>\n\t\t<\/div>\n\t\t\t\t\t<\/div>\n\t\t<\/section>\n\t\t\t\t<\/div>","protected":false},"excerpt":{"rendered":"<p>M\u00fc\u00fcgitingimused &amp; privaatsuspoliitika M\u00fc\u00fcgitingimused Online broneeringukeskkonna m\u00fc\u00fcgitingimused 1. \u00dcldtingimused1.1. M\u00fc\u00fcgitingimused kehtivad kliendi ja online broneeringukeskkonna omaniku Nordical O\u00dc vahel online broneeringukeskkonna vahendusel teenuste ostmisel tekkivate \u00f5igussuhete kohta.1.2. Lisaks k\u00e4esolevatele tingimustele reguleerivad online broneeringukeskkonna vahendusel teenuste ostmisel tekkivaid \u00f5igussuhteid Eesti Vabariigis kehtivad \u00f5igusaktid.1.3. Online broneeringukeskkonnas tohib tehinguid teha v\u00e4hemalt 18 aastane teov\u00f5imeline isik. N\u00f5uetele mittevastava isiku [&hellip;]<\/p>","protected":false},"author":1,"featured_media":0,"parent":0,"menu_order":0,"comment_status":"closed","ping_status":"closed","template":"","meta":{"site-sidebar-layout":"no-sidebar","site-content-layout":"page-builder","ast-site-content-layout":"full-width-container","site-content-style":"unboxed","site-sidebar-style":"unboxed","ast-global-header-display":"","ast-banner-title-visibility":"","ast-main-header-display":"","ast-hfb-above-header-display":"","ast-hfb-below-header-display":"","ast-hfb-mobile-header-display":"","site-post-title":"disabled","ast-breadcrumbs-content":"","ast-featured-img":"disabled","footer-sml-layout":"","ast-disable-related-posts":"","theme-transparent-header-meta":"enabled","adv-header-id-meta":"","stick-header-meta":"","header-above-stick-meta":"","header-main-stick-meta":"","header-below-stick-meta":"","astra-migrate-meta-layouts":"set","ast-page-background-enabled":"default","ast-page-background-meta":{"desktop":{"background-color":"","background-image":"","background-repeat":"repeat","background-position":"center center","background-size":"auto","background-attachment":"scroll","background-type":"","background-media":"","overlay-type":"","overlay-color":"","overlay-opacity":"","overlay-gradient":""},"tablet":{"background-color":"","background-image":"","background-repeat":"repeat","background-position":"center center","background-size":"auto","background-attachment":"scroll","background-type":"","background-media":"","overlay-type":"","overlay-color":"","overlay-opacity":"","overlay-gradient":""},"mobile":{"background-color":"","background-image":"","background-repeat":"repeat","background-position":"center center","background-size":"auto","background-attachment":"scroll","background-type":"","background-media":"","overlay-type":"","overlay-color":"","overlay-opacity":"","overlay-gradient":""}},"ast-content-background-meta":{"desktop":{"background-color":"var(--ast-global-color-5)","background-image":"","background-repeat":"repeat","background-position":"center center","background-size":"auto","background-attachment":"scroll","background-type":"","background-media":"","overlay-type":"","overlay-color":"","overlay-opacity":"","overlay-gradient":""},"tablet":{"background-color":"var(--ast-global-color-5)","background-image":"","background-repeat":"repeat","background-position":"center center","background-size":"auto","background-attachment":"scroll","background-type":"","background-media":"","overlay-type":"","overlay-color":"","overlay-opacity":"","overlay-gradient":""},"mobile":{"background-color":"var(--ast-global-color-5)","background-image":"","background-repeat":"repeat","background-position":"center center","background-size":"auto","background-attachment":"scroll","background-type":"","background-media":"","overlay-type":"","overlay-color":"","overlay-opacity":"","overlay-gradient":""}},"footnotes":""},"class_list":["post-625","page","type-page","status-publish","hentry"],"jetpack_sharing_enabled":true,"_links":{"self":[{"href":"https:\/\/nordicalrent.ee\/en\/wp-json\/wp\/v2\/pages\/625","targetHints":{"allow":["GET"]}}],"collection":[{"href":"https:\/\/nordicalrent.ee\/en\/wp-json\/wp\/v2\/pages"}],"about":[{"href":"https:\/\/nordicalrent.ee\/en\/wp-json\/wp\/v2\/types\/page"}],"author":[{"embeddable":true,"href":"https:\/\/nordicalrent.ee\/en\/wp-json\/wp\/v2\/users\/1"}],"replies":[{"embeddable":true,"href":"https:\/\/nordicalrent.ee\/en\/wp-json\/wp\/v2\/comments?post=625"}],"version-history":[{"count":5,"href":"https:\/\/nordicalrent.ee\/en\/wp-json\/wp\/v2\/pages\/625\/revisions"}],"predecessor-version":[{"id":909,"href":"https:\/\/nordicalrent.ee\/en\/wp-json\/wp\/v2\/pages\/625\/revisions\/909"}],"wp:attachment":[{"href":"https:\/\/nordicalrent.ee\/en\/wp-json\/wp\/v2\/media?parent=625"}],"curies":[{"name":"wp","href":"https:\/\/api.w.org\/{rel}","templated":true}]}}